{"id":3745,"date":"2018-07-05T16:56:19","date_gmt":"2018-07-05T13:56:19","guid":{"rendered":"http:\/\/www.nefmenfez.com\/?post_type=product&#038;p=3745"},"modified":"2018-07-05T16:56:19","modified_gmt":"2018-07-05T13:56:19","slug":"lif-tutucu-menfez","status":"publish","type":"product","link":"https:\/\/nefmenfez.com\/tr_tr\/urunlerimiz\/diger-urunler\/lif-tutucu-menfez\/","title":{"rendered":"Lif Tutucu Menfez"},"content":{"rendered":"","protected":false},"excerpt":{"rendered":"<p>Lif tutucu menfezler havaland\u0131rma sistemlerinde emi\u015f menfezi olarak kullan\u0131l\u0131rlar ve ortamdan emilen hava i\u00e7erisinde bulunan istenmeyen partik\u00fcllerin tutulmas\u0131n\u0131 sa\u011flayarak hava kanallar\u0131na ge\u00e7mesini engeller.<\/p>\n","protected":false},"featured_media":3746,"template":"","meta":[],"product_brand":[],"product_cat":[34],"product_tag":[],"class_list":{"0":"post-3745","1":"product","2":"type-product","3":"status-publish","4":"has-post-thumbnail","6":"product_cat-diger-urunler","8":"first","9":"instock","10":"shipping-taxable","11":"product-type-simple"},"_links":{"self":[{"href":"https:\/\/nefmenfez.com\/tr_tr\/wp-json\/wp\/v2\/product\/3745","targetHints":{"allow":["GET"]}}],"collection":[{"href":"https:\/\/nefmenfez.com\/tr_tr\/wp-json\/wp\/v2\/product"}],"about":[{"href":"https:\/\/nefmenfez.com\/tr_tr\/wp-json\/wp\/v2\/types\/product"}],"wp:featuredmedia":[{"embeddable":true,"href":"https:\/\/nefmenfez.com\/tr_tr\/wp-json\/wp\/v2\/media\/3746"}],"wp:attachment":[{"href":"https:\/\/nefmenfez.com\/tr_tr\/wp-json\/wp\/v2\/media?parent=3745"}],"wp:term":[{"taxonomy":"product_brand","embeddable":true,"href":"https:\/\/nefmenfez.com\/tr_tr\/wp-json\/wp\/v2\/product_brand?post=3745"},{"taxonomy":"product_cat","embeddable":true,"href":"https:\/\/nefmenfez.com\/tr_tr\/wp-json\/wp\/v2\/product_cat?post=3745"},{"taxonomy":"product_tag","embeddable":true,"href":"https:\/\/nefmenfez.com\/tr_tr\/wp-json\/wp\/v2\/product_tag?post=3745"}],"curies":[{"name":"wp","href":"https:\/\/api.w.org\/{rel}","templated":true}]}}