{"id":3721,"date":"2018-07-05T16:04:15","date_gmt":"2018-07-05T13:04:15","guid":{"rendered":"http:\/\/www.nefmenfez.com\/?post_type=product&#038;p=3721"},"modified":"2018-07-05T16:04:16","modified_gmt":"2018-07-05T13:04:16","slug":"egritsel-kanatli-sabit-panjur","status":"publish","type":"product","link":"https:\/\/nefmenfez.com\/tr_tr\/urunlerimiz\/panjurlar\/egritsel-kanatli-sabit-panjur\/","title":{"rendered":"E\u011fritsel Kanatl\u0131 Sabit Panjur"},"content":{"rendered":"","protected":false},"excerpt":{"rendered":"<p>Wc havaland\u0131rma, banyo havaland\u0131rmalar\u0131nda, havaland\u0131rma bacas\u0131 a\u00e7\u0131klar\u0131nda kullan\u0131l\u0131r. \u00d6zel \u00e7ekilmi\u015f al\u00fcminyum prof\u0131den imal edilir. Standart tel kafeslidir. iste\u011fe g\u00f6re eloksal, analog kaplamal\u0131, elektrostatik toz boyal\u0131 olarak \u00fcretilebilir.<\/p>\n","protected":false},"featured_media":3722,"template":"","meta":[],"product_brand":[],"product_cat":[32],"product_tag":[],"class_list":{"0":"post-3721","1":"product","2":"type-product","3":"status-publish","4":"has-post-thumbnail","6":"product_cat-panjurlar","8":"first","9":"instock","10":"shipping-taxable","11":"product-type-simple"},"_links":{"self":[{"href":"https:\/\/nefmenfez.com\/tr_tr\/wp-json\/wp\/v2\/product\/3721","targetHints":{"allow":["GET"]}}],"collection":[{"href":"https:\/\/nefmenfez.com\/tr_tr\/wp-json\/wp\/v2\/product"}],"about":[{"href":"https:\/\/nefmenfez.com\/tr_tr\/wp-json\/wp\/v2\/types\/product"}],"wp:featuredmedia":[{"embeddable":true,"href":"https:\/\/nefmenfez.com\/tr_tr\/wp-json\/wp\/v2\/media\/3722"}],"wp:attachment":[{"href":"https:\/\/nefmenfez.com\/tr_tr\/wp-json\/wp\/v2\/media?parent=3721"}],"wp:term":[{"taxonomy":"product_brand","embeddable":true,"href":"https:\/\/nefmenfez.com\/tr_tr\/wp-json\/wp\/v2\/product_brand?post=3721"},{"taxonomy":"product_cat","embeddable":true,"href":"https:\/\/nefmenfez.com\/tr_tr\/wp-json\/wp\/v2\/product_cat?post=3721"},{"taxonomy":"product_tag","embeddable":true,"href":"https:\/\/nefmenfez.com\/tr_tr\/wp-json\/wp\/v2\/product_tag?post=3721"}],"curies":[{"name":"wp","href":"https:\/\/api.w.org\/{rel}","templated":true}]}}