{"id":3719,"date":"2018-07-05T16:02:45","date_gmt":"2018-07-05T13:02:45","guid":{"rendered":"http:\/\/www.nefmenfez.com\/?post_type=product&#038;p=3719"},"modified":"2018-07-05T16:02:46","modified_gmt":"2018-07-05T13:02:46","slug":"pratik-kollu-panjur","status":"publish","type":"product","link":"https:\/\/nefmenfez.com\/tr_tr\/urunlerimiz\/panjurlar\/pratik-kollu-panjur\/","title":{"rendered":"Pratik Kollu Panjur"},"content":{"rendered":"","protected":false},"excerpt":{"rendered":"<p>Her \u00f6l\u00e7\u00fcye uyan montaj\u0131 pratik panjur, Wc havaland\u0131rmalar\u0131nda, banyo havalanad\u0131rmalar\u0131nda kullan\u0131l\u0131r. Paslanma ve oksite kar\u015f\u0131 banyo havalad\u0131rmalar\u0131nda kullan\u0131l\u0131r. Paslanma ve oksite kar\u015f\u0131 dayan\u0131kl\u0131d\u0131r. Pratik kollu panjur \u00f6zel \u00e7ekilmi\u015f al\u00fcminyumdan imal edilmektedir. Eloksal, analog veya elektrostatik toz boyal\u0131d\u0131r. Sinek tel kafeslidir. Ekonomiktir.<\/p>\n","protected":false},"featured_media":3720,"template":"","meta":[],"product_brand":[],"product_cat":[32],"product_tag":[],"class_list":{"0":"post-3719","1":"product","2":"type-product","3":"status-publish","4":"has-post-thumbnail","6":"product_cat-panjurlar","8":"first","9":"instock","10":"shipping-taxable","11":"product-type-simple"},"_links":{"self":[{"href":"https:\/\/nefmenfez.com\/tr_tr\/wp-json\/wp\/v2\/product\/3719","targetHints":{"allow":["GET"]}}],"collection":[{"href":"https:\/\/nefmenfez.com\/tr_tr\/wp-json\/wp\/v2\/product"}],"about":[{"href":"https:\/\/nefmenfez.com\/tr_tr\/wp-json\/wp\/v2\/types\/product"}],"wp:featuredmedia":[{"embeddable":true,"href":"https:\/\/nefmenfez.com\/tr_tr\/wp-json\/wp\/v2\/media\/3720"}],"wp:attachment":[{"href":"https:\/\/nefmenfez.com\/tr_tr\/wp-json\/wp\/v2\/media?parent=3719"}],"wp:term":[{"taxonomy":"product_brand","embeddable":true,"href":"https:\/\/nefmenfez.com\/tr_tr\/wp-json\/wp\/v2\/product_brand?post=3719"},{"taxonomy":"product_cat","embeddable":true,"href":"https:\/\/nefmenfez.com\/tr_tr\/wp-json\/wp\/v2\/product_cat?post=3719"},{"taxonomy":"product_tag","embeddable":true,"href":"https:\/\/nefmenfez.com\/tr_tr\/wp-json\/wp\/v2\/product_tag?post=3719"}],"curies":[{"name":"wp","href":"https:\/\/api.w.org\/{rel}","templated":true}]}}