{"id":3717,"date":"2018-07-05T16:01:38","date_gmt":"2018-07-05T13:01:38","guid":{"rendered":"http:\/\/www.nefmenfez.com\/?post_type=product&#038;p=3717"},"modified":"2018-07-05T16:01:39","modified_gmt":"2018-07-05T13:01:39","slug":"z-kanat-sabit-panjur","status":"publish","type":"product","link":"https:\/\/nefmenfez.com\/tr_tr\/urunlerimiz\/panjurlar\/z-kanat-sabit-panjur\/","title":{"rendered":"Z Kanat Sabit Panjur"},"content":{"rendered":"","protected":false},"excerpt":{"rendered":"<p>Taze hava emi\u015f, egzost at\u0131\u015f a\u011f\u0131zlar\u0131nda havaland\u0131rma sistemine d\u0131\u015f mahalden ya\u011fmur cisim giri\u015fini engellemek amac\u0131yla kullan\u0131l\u0131r. Kanatlar sabittir. \u00d6zel \u00e7ekilmi\u015f al\u00fcminyum profilden imha edilir. Tel Kafes ilavesi yap\u0131labilir. iste\u011fe g\u00f6re eloksal, analog kaplamal\u0131, elektrostatik toz boyal\u0131 olarak \u00fcretilebilir .<\/p>\n","protected":false},"featured_media":3718,"template":"","meta":[],"product_brand":[],"product_cat":[32],"product_tag":[],"class_list":{"0":"post-3717","1":"product","2":"type-product","3":"status-publish","4":"has-post-thumbnail","6":"product_cat-panjurlar","8":"first","9":"instock","10":"shipping-taxable","11":"product-type-simple"},"_links":{"self":[{"href":"https:\/\/nefmenfez.com\/tr_tr\/wp-json\/wp\/v2\/product\/3717","targetHints":{"allow":["GET"]}}],"collection":[{"href":"https:\/\/nefmenfez.com\/tr_tr\/wp-json\/wp\/v2\/product"}],"about":[{"href":"https:\/\/nefmenfez.com\/tr_tr\/wp-json\/wp\/v2\/types\/product"}],"wp:featuredmedia":[{"embeddable":true,"href":"https:\/\/nefmenfez.com\/tr_tr\/wp-json\/wp\/v2\/media\/3718"}],"wp:attachment":[{"href":"https:\/\/nefmenfez.com\/tr_tr\/wp-json\/wp\/v2\/media?parent=3717"}],"wp:term":[{"taxonomy":"product_brand","embeddable":true,"href":"https:\/\/nefmenfez.com\/tr_tr\/wp-json\/wp\/v2\/product_brand?post=3717"},{"taxonomy":"product_cat","embeddable":true,"href":"https:\/\/nefmenfez.com\/tr_tr\/wp-json\/wp\/v2\/product_cat?post=3717"},{"taxonomy":"product_tag","embeddable":true,"href":"https:\/\/nefmenfez.com\/tr_tr\/wp-json\/wp\/v2\/product_tag?post=3717"}],"curies":[{"name":"wp","href":"https:\/\/api.w.org\/{rel}","templated":true}]}}