{"id":3669,"date":"2018-07-05T13:21:58","date_gmt":"2018-07-05T10:21:58","guid":{"rendered":"http:\/\/www.nefmenfez.com\/?post_type=product&#038;p=3669"},"modified":"2018-07-05T13:21:58","modified_gmt":"2018-07-05T10:21:58","slug":"gizli-tavan-difuzoru","status":"publish","type":"product","link":"https:\/\/nefmenfez.com\/tr_tr\/urunlerimiz\/difuzorler\/gizli-tavan-difuzoru\/","title":{"rendered":"Gizli Tavan Dif\u00fcz\u00f6r\u00fc"},"content":{"rendered":"","protected":false},"excerpt":{"rendered":"<p>Slot dif\u00fcz\u00f6rler uygulama yap\u0131lacak mahallerde \u015fartland\u0131r\u0131lm\u0131\u015f havan\u0131n da\u011f\u0131t\u0131lmas\u0131 veya bu ortamlardan kirli havan\u0131n emilmesi i\u00e7in kullan\u0131l\u0131rlar. Direkt olarak plenum kutusuna k\u00f6pr\u00fc eleman\u0131 sayesinde monte edilmekte olup, standart 1&#8217;1i, 2&#8217;1i ve 3&#8217;1\u00fc slot olarak imal edilmektedir. iste\u011fe ba\u011fl\u0131 olarak slot say\u0131s\u0131 artt\u0131r\u0131labilir. 2,5 &#8211; 4mt tavan y\u00fcksekli\u011fine sahip mekanlar da kullan\u0131lmas\u0131 uygundur. Yaz veya k\u0131\u015f konumu slot \u00fczerindeki y\u00f6nlendirici kanatlar sayesinde ayarlanabilmektedir. Slot pervaz\u0131 al\u00e7\u0131pan tavan arkas\u0131nda kald\u0131\u011f\u0131ndan dolay\u0131 tavan \u00fczerinde ince bir yar\u0131k g\u00f6r\u00fcnt\u00fcs\u00fc vermektedir.<\/p>\n","protected":false},"featured_media":3670,"template":"","meta":[],"product_brand":[],"product_cat":[29],"product_tag":[],"class_list":{"0":"post-3669","1":"product","2":"type-product","3":"status-publish","4":"has-post-thumbnail","6":"product_cat-difuzorler","8":"first","9":"instock","10":"shipping-taxable","11":"product-type-simple"},"_links":{"self":[{"href":"https:\/\/nefmenfez.com\/tr_tr\/wp-json\/wp\/v2\/product\/3669","targetHints":{"allow":["GET"]}}],"collection":[{"href":"https:\/\/nefmenfez.com\/tr_tr\/wp-json\/wp\/v2\/product"}],"about":[{"href":"https:\/\/nefmenfez.com\/tr_tr\/wp-json\/wp\/v2\/types\/product"}],"wp:featuredmedia":[{"embeddable":true,"href":"https:\/\/nefmenfez.com\/tr_tr\/wp-json\/wp\/v2\/media\/3670"}],"wp:attachment":[{"href":"https:\/\/nefmenfez.com\/tr_tr\/wp-json\/wp\/v2\/media?parent=3669"}],"wp:term":[{"taxonomy":"product_brand","embeddable":true,"href":"https:\/\/nefmenfez.com\/tr_tr\/wp-json\/wp\/v2\/product_brand?post=3669"},{"taxonomy":"product_cat","embeddable":true,"href":"https:\/\/nefmenfez.com\/tr_tr\/wp-json\/wp\/v2\/product_cat?post=3669"},{"taxonomy":"product_tag","embeddable":true,"href":"https:\/\/nefmenfez.com\/tr_tr\/wp-json\/wp\/v2\/product_tag?post=3669"}],"curies":[{"name":"wp","href":"https:\/\/api.w.org\/{rel}","templated":true}]}}