{"id":3649,"date":"2018-07-05T10:20:03","date_gmt":"2018-07-05T07:20:03","guid":{"rendered":"http:\/\/www.nefmenfez.com\/?post_type=product&#038;p=3649"},"modified":"2018-07-05T11:07:54","modified_gmt":"2018-07-05T08:07:54","slug":"kapi-transfer-menfezi","status":"publish","type":"product","link":"https:\/\/nefmenfez.com\/tr_tr\/urunlerimiz\/menfez\/kapi-transfer-menfezi\/","title":{"rendered":"Kap\u0131 Transfer Menfezi"},"content":{"rendered":"","protected":false},"excerpt":{"rendered":"<p>Kom\u015fu mahaller aras\u0131nda hava trasnfer menfezi olarak kullan\u0131l\u0131r. Minimum b\u00f6lme kal\u0131nl\u0131\u011f\u0131 300 mm&#8217;dir. Her iki y\u00f6ndeki \u00e7er\u00e7eveleri ile dekoratif bir g\u00f6r\u00fcn\u00fcm sa\u011flar.<\/p>\n","protected":false},"featured_media":3652,"template":"","meta":[],"product_brand":[],"product_cat":[28],"product_tag":[],"class_list":{"0":"post-3649","1":"product","2":"type-product","3":"status-publish","4":"has-post-thumbnail","6":"product_cat-menfez","8":"first","9":"instock","10":"shipping-taxable","11":"product-type-simple"},"_links":{"self":[{"href":"https:\/\/nefmenfez.com\/tr_tr\/wp-json\/wp\/v2\/product\/3649","targetHints":{"allow":["GET"]}}],"collection":[{"href":"https:\/\/nefmenfez.com\/tr_tr\/wp-json\/wp\/v2\/product"}],"about":[{"href":"https:\/\/nefmenfez.com\/tr_tr\/wp-json\/wp\/v2\/types\/product"}],"wp:featuredmedia":[{"embeddable":true,"href":"https:\/\/nefmenfez.com\/tr_tr\/wp-json\/wp\/v2\/media\/3652"}],"wp:attachment":[{"href":"https:\/\/nefmenfez.com\/tr_tr\/wp-json\/wp\/v2\/media?parent=3649"}],"wp:term":[{"taxonomy":"product_brand","embeddable":true,"href":"https:\/\/nefmenfez.com\/tr_tr\/wp-json\/wp\/v2\/product_brand?post=3649"},{"taxonomy":"product_cat","embeddable":true,"href":"https:\/\/nefmenfez.com\/tr_tr\/wp-json\/wp\/v2\/product_cat?post=3649"},{"taxonomy":"product_tag","embeddable":true,"href":"https:\/\/nefmenfez.com\/tr_tr\/wp-json\/wp\/v2\/product_tag?post=3649"}],"curies":[{"name":"wp","href":"https:\/\/api.w.org\/{rel}","templated":true}]}}