{"id":3644,"date":"2018-07-05T10:18:01","date_gmt":"2018-07-05T07:18:01","guid":{"rendered":"http:\/\/www.nefmenfez.com\/?post_type=product&#038;p=3644"},"modified":"2018-07-05T11:08:32","modified_gmt":"2018-07-05T08:08:32","slug":"dairesel-menfez","status":"publish","type":"product","link":"https:\/\/nefmenfez.com\/tr_tr\/urunlerimiz\/menfez\/dairesel-menfez\/","title":{"rendered":"Dairesel Menfez"},"content":{"rendered":"","protected":false},"excerpt":{"rendered":"<p>Havala nd\u0131rma sistemlerinde do\u011falgaz \u00e7\u0131k\u0131\u015f bacalar\u0131nda, jenerat\u00f6r ve bilgisayar odalar\u0131nda, kap\u0131 alt k\u0131sm\u0131nda havaland\u0131rma menfezi olarak kullan\u0131m\u0131n\u0131n yan\u0131nda, (0100,mm 125,mm 150,mm&#8217;lik PVC boru \u00e7\u0131k\u0131\u015f\u0131nda) d\u0131\u015f mahalden ya\u011fmur ve yabanc\u0131 cisim giri\u015fini engellemek amac\u0131yla da kullan\u0131l\u0131r. \u00f6zel \u00e7ekilmi\u015f al\u00fcminyum profilden veya levhadan imal edilir. Tel kafes ilavesi yap\u0131labilir.<\/p>\n","protected":false},"featured_media":3654,"template":"","meta":[],"product_brand":[],"product_cat":[28],"product_tag":[],"class_list":{"0":"post-3644","1":"product","2":"type-product","3":"status-publish","4":"has-post-thumbnail","6":"product_cat-menfez","8":"first","9":"instock","10":"shipping-taxable","11":"product-type-simple"},"_links":{"self":[{"href":"https:\/\/nefmenfez.com\/tr_tr\/wp-json\/wp\/v2\/product\/3644","targetHints":{"allow":["GET"]}}],"collection":[{"href":"https:\/\/nefmenfez.com\/tr_tr\/wp-json\/wp\/v2\/product"}],"about":[{"href":"https:\/\/nefmenfez.com\/tr_tr\/wp-json\/wp\/v2\/types\/product"}],"wp:featuredmedia":[{"embeddable":true,"href":"https:\/\/nefmenfez.com\/tr_tr\/wp-json\/wp\/v2\/media\/3654"}],"wp:attachment":[{"href":"https:\/\/nefmenfez.com\/tr_tr\/wp-json\/wp\/v2\/media?parent=3644"}],"wp:term":[{"taxonomy":"product_brand","embeddable":true,"href":"https:\/\/nefmenfez.com\/tr_tr\/wp-json\/wp\/v2\/product_brand?post=3644"},{"taxonomy":"product_cat","embeddable":true,"href":"https:\/\/nefmenfez.com\/tr_tr\/wp-json\/wp\/v2\/product_cat?post=3644"},{"taxonomy":"product_tag","embeddable":true,"href":"https:\/\/nefmenfez.com\/tr_tr\/wp-json\/wp\/v2\/product_tag?post=3644"}],"curies":[{"name":"wp","href":"https:\/\/api.w.org\/{rel}","templated":true}]}}