{"id":3640,"date":"2018-07-05T10:15:55","date_gmt":"2018-07-05T07:15:55","guid":{"rendered":"http:\/\/www.nefmenfez.com\/?post_type=product&#038;p=3640"},"modified":"2018-07-05T11:09:14","modified_gmt":"2018-07-05T08:09:14","slug":"yuvarlak-kanal-menfez","status":"publish","type":"product","link":"https:\/\/nefmenfez.com\/tr_tr\/urunlerimiz\/menfez\/yuvarlak-kanal-menfez\/","title":{"rendered":"Yuvarlak Kanal Menfez"},"content":{"rendered":"","protected":false},"excerpt":{"rendered":"<p>Yuvarlak hava kanal\u0131 uygulamalannda Oflama veya emi\u015f menfezi olarak kullan\u0131l\u0131r. \u00d6zel \u00e7ekilmi\u015f alOminyum profilden tek ve \u00e7ift s\u0131ra kanat yap\u0131s\u0131na sahip olarak imal edlllr. Eloksal analog veya elektrostatik f\u0131nn boya olablllr. Yuvarlak hava kanal geometrisine uygun damper llavesl yap\u0131lablllr.<\/p>\n","protected":false},"featured_media":3656,"template":"","meta":[],"product_brand":[],"product_cat":[28],"product_tag":[],"class_list":{"0":"post-3640","1":"product","2":"type-product","3":"status-publish","4":"has-post-thumbnail","6":"product_cat-menfez","8":"first","9":"instock","10":"shipping-taxable","11":"product-type-simple"},"_links":{"self":[{"href":"https:\/\/nefmenfez.com\/tr_tr\/wp-json\/wp\/v2\/product\/3640","targetHints":{"allow":["GET"]}}],"collection":[{"href":"https:\/\/nefmenfez.com\/tr_tr\/wp-json\/wp\/v2\/product"}],"about":[{"href":"https:\/\/nefmenfez.com\/tr_tr\/wp-json\/wp\/v2\/types\/product"}],"wp:featuredmedia":[{"embeddable":true,"href":"https:\/\/nefmenfez.com\/tr_tr\/wp-json\/wp\/v2\/media\/3656"}],"wp:attachment":[{"href":"https:\/\/nefmenfez.com\/tr_tr\/wp-json\/wp\/v2\/media?parent=3640"}],"wp:term":[{"taxonomy":"product_brand","embeddable":true,"href":"https:\/\/nefmenfez.com\/tr_tr\/wp-json\/wp\/v2\/product_brand?post=3640"},{"taxonomy":"product_cat","embeddable":true,"href":"https:\/\/nefmenfez.com\/tr_tr\/wp-json\/wp\/v2\/product_cat?post=3640"},{"taxonomy":"product_tag","embeddable":true,"href":"https:\/\/nefmenfez.com\/tr_tr\/wp-json\/wp\/v2\/product_tag?post=3640"}],"curies":[{"name":"wp","href":"https:\/\/api.w.org\/{rel}","templated":true}]}}